{"id":1825,"date":"2015-07-24T03:26:17","date_gmt":"2015-07-24T01:26:17","guid":{"rendered":"http:\/\/demo.oceanthemes.net\/archi\/?page_id=141"},"modified":"2023-05-22T09:59:33","modified_gmt":"2023-05-22T07:59:33","slug":"strona-glowna","status":"publish","type":"page","link":"https:\/\/bossi.pl\/sk\/","title":{"rendered":"Strona g\u0142\u00f3wna"},"content":{"rendered":"<p>[vc_row fullwidth=&#8221;yes&#8221;][vc_column]\n\t\t\t<!-- START Home Slider REVOLUTION SLIDER 6.4.3 --><p class=\"rs-p-wp-fix\"><\/p>\n\t\t\t<rs-module-wrap id=\"rev_slider_1_1_wrapper\" data-source=\"gallery\" style=\"background:#e9e9e9;padding:0;\">\n\t\t\t\t<rs-module id=\"rev_slider_1_1\" style=\"\" data-version=\"6.4.3\">\n\t\t\t\t\t<rs-slides>\n\t\t\t\t\t\t<rs-slide data-key=\"rs-2\" data-title=\"Slide 1\" data-thumb=\"\/\/bossi.pl\/wp-content\/uploads\/2021\/03\/DSC05462-HDR-1-100x50.jpg\" data-duration=\"5000ms\" data-anim=\"ms:500;\" data-in=\"o:0;\" data-out=\"a:false;\">\n\t\t\t\t\t\t\t<img loading=\"lazy\" decoding=\"async\" src=\"\/\/bossi.pl\/wp-content\/uploads\/2021\/03\/DSC05462-HDR-1.jpg\" title=\"Slider #1\" width=\"1920\" height=\"1000\" class=\"rev-slidebg\" data-no-retina>\n<!--\n\t\t\t\t\t\t\t--><h2\n\t\t\t\t\t\t\t\tid=\"slider-1-slide-2-layer-2\" \n\t\t\t\t\t\t\t\tclass=\"rs-layer big-text\"\n\t\t\t\t\t\t\t\tdata-type=\"text\"\n\t\t\t\t\t\t\t\tdata-color=\"rgba(255, 255, 255, 1)\"\n\t\t\t\t\t\t\t\tdata-rsp_ch=\"on\"\n\t\t\t\t\t\t\t\tdata-xy=\"x:l,c,c,c;y:m;\"\n\t\t\t\t\t\t\t\tdata-text=\"s:72,65,60,40;l:25,23,23,23;ls:10px,8px,8px,5px;fw:300;\"\n\t\t\t\t\t\t\t\tdata-frame_0=\"sX:2;sY:2;\"\n\t\t\t\t\t\t\t\tdata-frame_1=\"e:expo.inOut;st:400;sp:800;sR:400;\"\n\t\t\t\t\t\t\t\tdata-frame_999=\"x:0;y:0;z:-50;sX:0.85;sY:0.85;o:0;rX:0;rY:0;rZ:0;skX:0;skY:0;e:expo.inOut;st:w;sp:400;sR:4800;\"\n\t\t\t\t\t\t\t\tstyle=\"z-index:9;font-family:Lato;text-transform:uppercase;\"\n\t\t\t\t\t\t\t>DIZAJN \n\t\t\t\t\t\t\t<\/h2><!--\n\n\t\t\t\t\t\t\t--><a\n\t\t\t\t\t\t\t\tid=\"slider-1-slide-2-layer-11\" \n\t\t\t\t\t\t\t\tclass=\"rs-layer rev-btn\"\n\t\t\t\t\t\t\t\thref=\"http:\/\/bossi.pl\/galeria-zdjec\/\" target=\"_self\" rel=\"nofollow\"\n\t\t\t\t\t\t\t\tdata-type=\"button\"\n\t\t\t\t\t\t\t\tdata-rsp_ch=\"on\"\n\t\t\t\t\t\t\t\tdata-xy=\"x:l,c,c,c;yo:335px,450px,550px,410px;\"\n\t\t\t\t\t\t\t\tdata-text=\"w:normal;s:13,11,12,11;l:24,21,24,22;ls:3px,2px,1px,1px;fw:700,700,700,400;\"\n\t\t\t\t\t\t\t\tdata-dim=\"minh:0px,none,none,none;\"\n\t\t\t\t\t\t\t\tdata-padding=\"t:7,6,5,3;r:30,26,20,12;b:7,6,5,3;l:30,26,20,12;\"\n\t\t\t\t\t\t\t\tdata-border=\"bos:solid;boc:#ffffff;bow:2px,2px,2px,2px;\"\n\t\t\t\t\t\t\t\tdata-frame_0=\"y:50,43,32,19;\"\n\t\t\t\t\t\t\t\tdata-frame_1=\"e:expo.inOut;st:800;sp:400;\"\n\t\t\t\t\t\t\t\tdata-frame_999=\"y:50,43,32,19;o:0;st:w;sp:450;\"\n\t\t\t\t\t\t\t\tdata-frame_hover=\"c:#222;bgc:#fff;boc:#fff;bor:0px,0px,0px,0px;bos:solid;bow:2px,2px,2px,2px;sp:300ms;e:default;\"\n\t\t\t\t\t\t\t\tstyle=\"z-index:10;background-color:rgba(0,0,0,0);font-family:Lato;text-transform:uppercase;\"\n\t\t\t\t\t\t\t>POZRI NA\u0160E KUCHYNE \n\t\t\t\t\t\t\t<\/a><!--\n-->\t\t\t\t\t\t<\/rs-slide>\n\t\t\t\t\t\t<rs-slide data-key=\"rs-15\" data-title=\"Slide 1\" data-thumb=\"\/\/bossi.pl\/wp-content\/uploads\/2021\/04\/312-1-100x50.jpg\" data-duration=\"5000ms\" data-anim=\"ms:500;\" data-in=\"o:0;\" data-out=\"a:false;\">\n\t\t\t\t\t\t\t<img loading=\"lazy\" decoding=\"async\" src=\"\/\/bossi.pl\/wp-content\/uploads\/2021\/04\/312-1.jpg\" title=\"Slider #2\" width=\"1920\" height=\"1000\" class=\"rev-slidebg\" data-no-retina>\n<!--\n\t\t\t\t\t\t\t--><h2\n\t\t\t\t\t\t\t\tid=\"slider-1-slide-15-layer-2\" \n\t\t\t\t\t\t\t\tclass=\"rs-layer big-text\"\n\t\t\t\t\t\t\t\tdata-type=\"text\"\n\t\t\t\t\t\t\t\tdata-color=\"rgba(255, 255, 255, 1)\"\n\t\t\t\t\t\t\t\tdata-rsp_ch=\"on\"\n\t\t\t\t\t\t\t\tdata-xy=\"x:l,c,c,c;y:m;\"\n\t\t\t\t\t\t\t\tdata-text=\"s:72,65,60,40;l:25,23,23,23;ls:10px,8px,8px,5px;fw:300;\"\n\t\t\t\t\t\t\t\tdata-frame_0=\"sX:2;sY:2;\"\n\t\t\t\t\t\t\t\tdata-frame_1=\"e:expo.inOut;st:400;sp:800;sR:400;\"\n\t\t\t\t\t\t\t\tdata-frame_999=\"x:0;y:0;z:-50;sX:0.85;sY:0.85;o:0;rX:0;rY:0;rZ:0;skX:0;skY:0;e:expo.inOut;st:4900;sp:400;sR:4800;\"\n\t\t\t\t\t\t\t\tstyle=\"z-index:9;font-family:Lato;text-transform:uppercase;\"\n\t\t\t\t\t\t\t>KVALITA \n\t\t\t\t\t\t\t<\/h2><!--\n\n\t\t\t\t\t\t\t--><a\n\t\t\t\t\t\t\t\tid=\"slider-1-slide-15-layer-11\" \n\t\t\t\t\t\t\t\tclass=\"rs-layer rev-btn\"\n\t\t\t\t\t\t\t\thref=\"http:\/\/bossi.pl\/galeria-zdjec\/\" target=\"_self\" rel=\"nofollow\"\n\t\t\t\t\t\t\t\tdata-type=\"button\"\n\t\t\t\t\t\t\t\tdata-rsp_ch=\"on\"\n\t\t\t\t\t\t\t\tdata-xy=\"x:l,c,c,c;yo:335px,450px,550px,410px;\"\n\t\t\t\t\t\t\t\tdata-text=\"w:normal;s:13,11,12,11;l:24,21,24,22;ls:3px,2px,1px,1px;fw:700,700,700,400;\"\n\t\t\t\t\t\t\t\tdata-dim=\"minh:0px,none,none,none;\"\n\t\t\t\t\t\t\t\tdata-padding=\"t:7,6,5,3;r:30,26,20,12;b:7,6,5,3;l:30,26,20,12;\"\n\t\t\t\t\t\t\t\tdata-border=\"bos:solid;boc:#ffffff;bow:2px,2px,2px,2px;\"\n\t\t\t\t\t\t\t\tdata-frame_0=\"y:50,43,32,19;\"\n\t\t\t\t\t\t\t\tdata-frame_1=\"e:expo.inOut;st:800;sp:400;\"\n\t\t\t\t\t\t\t\tdata-frame_999=\"y:50,43,32,19;o:0;st:w;sp:450;\"\n\t\t\t\t\t\t\t\tdata-frame_hover=\"c:#222;bgc:#fff;boc:#fff;bor:0px,0px,0px,0px;bos:solid;bow:2px,2px,2px,2px;sp:300ms;e:default;\"\n\t\t\t\t\t\t\t\tstyle=\"z-index:10;background-color:rgba(0,0,0,0);font-family:Lato;text-transform:uppercase;\"\n\t\t\t\t\t\t\t>POZRI NA\u0160E KUCHYNE \n\t\t\t\t\t\t\t<\/a><!--\n-->\t\t\t\t\t\t<\/rs-slide>\n\t\t\t\t\t\t<rs-slide data-key=\"rs-16\" data-title=\"Slide 1\" data-thumb=\"\/\/bossi.pl\/wp-content\/uploads\/2021\/04\/slider-100x50.jpg\" data-duration=\"5000ms\" data-anim=\"ms:500;\" data-in=\"o:0;\" data-out=\"a:false;\">\n\t\t\t\t\t\t\t<img loading=\"lazy\" decoding=\"async\" src=\"\/\/bossi.pl\/wp-content\/uploads\/2021\/04\/slider.jpg\" title=\"Slider #3\" width=\"1920\" height=\"1000\" class=\"rev-slidebg\" data-no-retina>\n<!--\n\t\t\t\t\t\t\t--><h2\n\t\t\t\t\t\t\t\tid=\"slider-1-slide-16-layer-2\" \n\t\t\t\t\t\t\t\tclass=\"rs-layer big-text\"\n\t\t\t\t\t\t\t\tdata-type=\"text\"\n\t\t\t\t\t\t\t\tdata-color=\"rgba(255, 255, 255, 1)\"\n\t\t\t\t\t\t\t\tdata-rsp_ch=\"on\"\n\t\t\t\t\t\t\t\tdata-xy=\"x:l,c,c,c;y:m;\"\n\t\t\t\t\t\t\t\tdata-text=\"s:72,65,60,40;l:25,23,23,23;ls:10px,8px,8px,5px;fw:300;\"\n\t\t\t\t\t\t\t\tdata-frame_0=\"sX:2;sY:2;\"\n\t\t\t\t\t\t\t\tdata-frame_1=\"e:expo.inOut;st:400;sp:800;sR:400;\"\n\t\t\t\t\t\t\t\tdata-frame_999=\"x:0;y:0;z:-50;sX:0.85;sY:0.85;o:0;rX:0;rY:0;rZ:0;skX:0;skY:0;e:expo.inOut;st:4900;sp:400;sR:4800;\"\n\t\t\t\t\t\t\t\tstyle=\"z-index:9;font-family:Lato;text-transform:uppercase;\"\n\t\t\t\t\t\t\t>\u0160T\u00ddL \n\t\t\t\t\t\t\t<\/h2><!--\n\n\t\t\t\t\t\t\t--><a\n\t\t\t\t\t\t\t\tid=\"slider-1-slide-16-layer-11\" \n\t\t\t\t\t\t\t\tclass=\"rs-layer rev-btn\"\n\t\t\t\t\t\t\t\thref=\"http:\/\/bossi.pl\/galeria-zdjec\/\" target=\"_self\" rel=\"nofollow\"\n\t\t\t\t\t\t\t\tdata-type=\"button\"\n\t\t\t\t\t\t\t\tdata-rsp_ch=\"on\"\n\t\t\t\t\t\t\t\tdata-xy=\"x:l,c,c,c;yo:335px,450px,550px,410px;\"\n\t\t\t\t\t\t\t\tdata-text=\"w:normal;s:13,11,12,11;l:24,21,24,22;ls:3px,2px,1px,1px;fw:700,700,700,400;\"\n\t\t\t\t\t\t\t\tdata-dim=\"minh:0px,none,none,none;\"\n\t\t\t\t\t\t\t\tdata-padding=\"t:7,6,5,3;r:30,26,20,12;b:7,6,5,3;l:30,26,20,12;\"\n\t\t\t\t\t\t\t\tdata-border=\"bos:solid;boc:#ffffff;bow:2px,2px,2px,2px;\"\n\t\t\t\t\t\t\t\tdata-frame_0=\"y:50,43,32,19;\"\n\t\t\t\t\t\t\t\tdata-frame_1=\"e:expo.inOut;st:800;sp:400;\"\n\t\t\t\t\t\t\t\tdata-frame_999=\"y:50,43,32,19;o:0;st:w;sp:450;\"\n\t\t\t\t\t\t\t\tdata-frame_hover=\"c:#222;bgc:#fff;boc:#fff;bor:0px,0px,0px,0px;bos:solid;bow:2px,2px,2px,2px;sp:300ms;e:default;\"\n\t\t\t\t\t\t\t\tstyle=\"z-index:10;background-color:rgba(0,0,0,0);font-family:Lato;text-transform:uppercase;\"\n\t\t\t\t\t\t\t>POZRI NA\u0160E KUCHYNE \n\t\t\t\t\t\t\t<\/a><!--\n-->\t\t\t\t\t\t<\/rs-slide>\n\t\t\t\t\t<\/rs-slides>\n\t\t\t\t<\/rs-module>\n\t\t\t\t<script type=\"text\/javascript\">\n\t\t\t\t\tsetREVStartSize({c: 'rev_slider_1_1',rl:[1240,1024,778,480],el:[500,768,960,720],gw:[1170,1024,778,480],gh:[500,768,960,720],type:'standard',justify:'',layout:'fullscreen',offsetContainer:'',offset:'',mh:\"0\"});\n\t\t\t\t\tvar\trevapi1,\n\t\t\t\t\t\ttpj;\n\t\t\t\t\tfunction revinit_revslider11() {\n\t\t\t\t\tjQuery(function() {\n\t\t\t\t\t\ttpj = jQuery;\n\t\t\t\t\t\trevapi1 = tpj(\"#rev_slider_1_1\");\n\t\t\t\t\t\ttpj.noConflict();\n\t\t\t\t\t\tif(revapi1==undefined || revapi1.revolution == undefined){\n\t\t\t\t\t\t\trevslider_showDoubleJqueryError(\"rev_slider_1_1\");\n\t\t\t\t\t\t}else{\n\t\t\t\t\t\t\trevapi1.revolution({\n\t\t\t\t\t\t\t\tsliderLayout:\"fullscreen\",\n\t\t\t\t\t\t\t\tduration:6000,\n\t\t\t\t\t\t\t\tvisibilityLevels:\"1240,1024,778,480\",\n\t\t\t\t\t\t\t\tgridwidth:\"1170,1024,778,480\",\n\t\t\t\t\t\t\t\tgridheight:\"500,768,960,720\",\n\t\t\t\t\t\t\t\tperspective:600,\n\t\t\t\t\t\t\t\tperspectiveType:\"local\",\n\t\t\t\t\t\t\t\teditorheight:\"500,768,960,720\",\n\t\t\t\t\t\t\t\tresponsiveLevels:\"1240,1024,778,480\",\n\t\t\t\t\t\t\t\tdisableForceFullWidth:true,\n\t\t\t\t\t\t\t\tprogressBar:{disableProgressBar:true},\n\t\t\t\t\t\t\t\tnavigation: {\n\t\t\t\t\t\t\t\t\tmouseScrollNavigation:false,\n\t\t\t\t\t\t\t\t\twheelCallDelay:1000,\n\t\t\t\t\t\t\t\t\tonHoverStop:false,\n\t\t\t\t\t\t\t\t\ttouch: {\n\t\t\t\t\t\t\t\t\t\ttouchenabled:true\n\t\t\t\t\t\t\t\t\t},\n\t\t\t\t\t\t\t\t\tarrows: {\n\t\t\t\t\t\t\t\t\t\tenable:true,\n\t\t\t\t\t\t\t\t\t\tstyle:\"custom\",\n\t\t\t\t\t\t\t\t\t\thide_onleave:true,\n\t\t\t\t\t\t\t\t\t\tleft: {\n\t\t\t\t\t\t\t\t\t\t\th_offset:0\n\t\t\t\t\t\t\t\t\t\t},\n\t\t\t\t\t\t\t\t\t\tright: {\n\n\t\t\t\t\t\t\t\t\t\t}\n\t\t\t\t\t\t\t\t\t}\n\t\t\t\t\t\t\t\t},\n\t\t\t\t\t\t\t\tfallbacks: {\n\t\t\t\t\t\t\t\t\tallowHTML5AutoPlayOnAndroid:true\n\t\t\t\t\t\t\t\t},\n\t\t\t\t\t\t\t});\n\t\t\t\t\t\t}\n\t\t\t\t\t\t\n\t\t\t\t\t});\n\t\t\t\t\t} \/\/ End of RevInitScript\n\t\t\t\tvar once_revslider11 = false;\n\t\t\t\tif (document.readyState === \"loading\") {document.addEventListener('readystatechange',function() { if((document.readyState === \"interactive\" || document.readyState === \"complete\") && !once_revslider11 ) { once_revslider11 = true; revinit_revslider11();}});} else {once_revslider11 = true; revinit_revslider11();}\n\t\t\t\t<\/script>\n\t\t\t\t<script>\n\t\t\t\t\tvar htmlDivCss = unescape(\"%23rev_slider_1_1_wrapper%20.custom.tparrows%20%7B%0A%09cursor%3Apointer%3B%0A%09background%3A%23000%3B%0A%09background%3Argba%280%2C0%2C0%2C0.5%29%3B%0A%09width%3A40px%3B%0A%09height%3A40px%3B%0A%09position%3Aabsolute%3B%0A%09display%3Ablock%3B%0A%09z-index%3A1000%3B%0A%7D%0A%23rev_slider_1_1_wrapper%20.custom.tparrows%3Ahover%20%7B%0A%09background%3A%23000%3B%0A%7D%0A%23rev_slider_1_1_wrapper%20.custom.tparrows%3Abefore%20%7B%0A%09font-family%3A%20%27revicons%27%3B%0A%09font-size%3A15px%3B%0A%09color%3A%23fff%3B%0A%09display%3Ablock%3B%0A%09line-height%3A%2040px%3B%0A%09text-align%3A%20center%3B%0A%7D%0A%23rev_slider_1_1_wrapper%20.custom.tparrows.tp-leftarrow%3Abefore%20%7B%0A%09content%3A%20%27%5Ce824%27%3B%0A%7D%0A%23rev_slider_1_1_wrapper%20.custom.tparrows.tp-rightarrow%3Abefore%20%7B%0A%09content%3A%20%27%5Ce825%27%3B%0A%7D%0A%0A%0A\");\n\t\t\t\t\tvar htmlDiv = document.getElementById('rs-plugin-settings-inline-css');\n\t\t\t\t\tif(htmlDiv) {\n\t\t\t\t\t\thtmlDiv.innerHTML = htmlDiv.innerHTML + htmlDivCss;\n\t\t\t\t\t}else{\n\t\t\t\t\t\tvar htmlDiv = document.createElement('div');\n\t\t\t\t\t\thtmlDiv.innerHTML = '<style>' + htmlDivCss + '<\/style>';\n\t\t\t\t\t\tdocument.getElementsByTagName('head')[0].appendChild(htmlDiv.childNodes[0]);\n\t\t\t\t\t}\n\t\t\t\t<\/script>\n\t\t\t\t<script>\n\t\t\t\t\tvar htmlDivCss = unescape(\"%0A%0A%0A\");\n\t\t\t\t\tvar htmlDiv = document.getElementById('rs-plugin-settings-inline-css');\n\t\t\t\t\tif(htmlDiv) {\n\t\t\t\t\t\thtmlDiv.innerHTML = htmlDiv.innerHTML + htmlDivCss;\n\t\t\t\t\t}else{\n\t\t\t\t\t\tvar htmlDiv = document.createElement('div');\n\t\t\t\t\t\thtmlDiv.innerHTML = '<style>' + htmlDivCss + '<\/style>';\n\t\t\t\t\t\tdocument.getElementsByTagName('head')[0].appendChild(htmlDiv.childNodes[0]);\n\t\t\t\t\t}\n\t\t\t\t<\/script>\n\t\t\t<\/rs-module-wrap>\n\t\t\t<!-- END REVOLUTION SLIDER -->\n[\/vc_column][\/vc_row][vc_row css=&#8221;.vc_custom_1495441353691{padding-top: 90px !important;padding-bottom: 60px !important;}&#8221;][vc_column animate=&#8221;fadeinup&#8221;]\n\t<!-- Element: OT Heading --> \t \n\t<h1 class=\"ot_custom_heading naglowki \" style=\"text-align: center;\" >O N\u00c1S<\/h1>\t\n\t<!-- Element: OT Line solid --> \t \n\t<div class=\" separator \"><span><i class=\"fa fa-circle\"><\/i><\/span><\/div>\n\t<div class=\"spacer-single\"><\/div>\t      \n[\/vc_column][vc_column width=&#8221;2\/3&#8243; animate=&#8221;fadeinleft&#8221;]\n\t<!-- Element: OT Heading --> \t \n\t<h3 class=\"ot_custom_heading naglowki \" style=\"\" >BOSSI - z v\u00e1\u0161ne pre <b> KUCHYNU <\/b>.<\/h3>\t\n[vc_column_text css=&#8221;.vc_custom_1619641006859{margin-bottom: 30px !important;}&#8221;]<\/p>\n<p style=\"text-align: justify; font-size: 16px;\">Kuchynsk\u00fd n\u00e1bytok BOSSI je neust\u00e1le sa rozv\u00edjaj\u00faca spolo\u010dnos\u0165, ktor\u00e1 sleduje modern\u00e9 rie\u0161enia a vytv\u00e1ra KUCHYNU dokonale vyhovuj\u00facu va\u0161im potreb\u00e1m. Zaru\u010dujeme vysok\u00fa kvalitu, prec\u00edznos\u0165 spracovania a kr\u00e1sny dizajn. Pon\u00fakame \u0161irok\u00fa \u0161k\u00e1lu modern\u00fdch materi\u00e1lov, vzorov a farieb, ktor\u00e9 zaru\u010duj\u00fa jedine\u010dn\u00fd kuchynsk\u00fd n\u00e1bytok.<\/p>\n<p style=\"text-align: justify; font-size: 16px;\">Ka\u017ed\u00fd projekt je vyroben\u00fd s d\u00f4razom na funk\u010dnos\u0165, estetiku, dizajn, pri\u010dom sa zoh\u013ead\u0148uj\u00fa n\u00e1vrhy a potreby pou\u017e\u00edvate\u013ea s d\u00f4razom na najmen\u0161ie podrobnosti a podrobnosti. Na\u0161a pr\u00e1ca je zalo\u017een\u00e1 na dlhoro\u010dn\u00fdch sk\u00fasenostiach, v\u00e1\u0161ni a profesionalite dizajn\u00e9rov a mont\u00e1\u017enych t\u00edmov, ktor\u00e9 kombinujeme s modern\u00fdmi technick\u00fdmi rie\u0161eniami.<\/p>\n<p style=\"text-align: justify; font-size: 16px;\">Vytv\u00e1rame kuchyne na ROKY.<\/p>\n<p>[\/vc_column_text][\/vc_column][vc_column width=&#8221;1\/3&#8243; animate=&#8221;fadinright&#8221;][vc_single_image image=&#8221;2087&#8243; img_size=&#8221;full&#8221;][\/vc_column][\/vc_row][vc_row css=&#8221;.vc_custom_1618556043096{padding-top: 100px !important;padding-bottom: 100px !important;background-image: url(http:\/\/bossi.pl\/wp-content\/uploads\/2021\/04\/sliderek3.jpg?id=2145) !important;}&#8221; el_class=&#8221;bg-fixed&#8221;][vc_column width=&#8221;1\/3&#8243;][\/vc_column][vc_column width=&#8221;1\/3&#8243;]\t\t\t\n\t<!-- Element: OT Button 2 --> \n\t\t\n[vc_column_text]<\/p>\n<p style=\"text-align: center; font-size: 22px; line-height: 30px;\">POZRI NA\u0160E<\/p>\n<p style=\"text-align: center; font-size: 56px;\">REALIZ\u00c1CIE<\/p>\n<p>[\/vc_column_text][vc_btn title=&#8221;NA\u0160E KUCHYNE&#8221; style=&#8221;outline-custom&#8221; outline_custom_color=&#8221;#ffffff&#8221; outline_custom_hover_background=&#8221;#ffffff&#8221; outline_custom_hover_text=&#8221;#0a0a0a&#8221; shape=&#8221;square&#8221; align=&#8221;center&#8221; button_block=&#8221;true&#8221; link=&#8221;url:http%3A%2F%2Fbossi.pl%2Fgaleria-zdjec%2F|title:Galeria%20zdj%C4%99%C4%87&#8243;][\/vc_column][vc_column width=&#8221;1\/3&#8243;][\/vc_column][\/vc_row][vc_row css=&#8221;.vc_custom_1618138071201{padding-top: 90px !important;background-position: center !important;background-repeat: no-repeat !important;background-size: cover !important;}&#8221; el_class=&#8221;bg-fixed&#8221;][vc_column animate=&#8221;fadeinup&#8221;]\n\t<!-- Element: OT Heading --> \t \n\t<h1 class=\"ot_custom_heading naglowki \" style=\"text-align: center;color: #ffffff;\" >PROCES TVORBY KUCHYNE<\/h1>\t\n\t<!-- Element: OT Line solid --> \t \n\t<div class=\" separator \"><span><i class=\"fa fa-circle\"><\/i><\/span><\/div>\n\t<div class=\"spacer-single\"><\/div>\t      \n[\/vc_column][\/vc_row][vc_row css=&#8221;.vc_custom_1618426420452{padding-bottom: 90px !important;background-position: center !important;background-repeat: no-repeat !important;background-size: cover !important;}&#8221; el_class=&#8221;bg-fixed&#8221;][vc_column animate=&#8221;fadeinup&#8221;]\n\t<!-- Element: OT Process -->\n    <div class=\"de_tab tab_steps tab_5  \">\n        <ul class=\"de_nav process-circle-textonly\">\n\t        \t            <li class=\"active wow fadeIn \" data-wow-delay=\"0.4s\">\n\t            \t<span class=\"content-mid\">\n\t            \t\t<div class=\"inner\">\t\t\n\t            \t\t\tstretnutie s dizajn\u00e9rom\t            \t\t<\/div>\n\t            \t<\/span>\t\t        \n\t\t            <div class=\"v-border\"><\/div>\n\t            <\/li>\n\t            \n\t        \t            <li class=\" wow fadeIn \" data-wow-delay=\"0.8s\">\n\t            \t<span class=\"content-mid\">\n\t            \t\t<div class=\"inner\">\t\t\n\t            \t\t\tdizajn\t            \t\t<\/div>\n\t            \t<\/span>\t\t        \n\t\t            <div class=\"v-border\"><\/div>\n\t            <\/li>\n\t            \n\t        \t            <li class=\" wow fadeIn \" data-wow-delay=\"1.2s\">\n\t            \t<span class=\"content-mid\">\n\t            \t\t<div class=\"inner\">\t\t\n\t            \t\t\tmeranie\t            \t\t<\/div>\n\t            \t<\/span>\t\t        \n\t\t            <div class=\"v-border\"><\/div>\n\t            <\/li>\n\t            \n\t        \t            <li class=\" wow fadeIn \" data-wow-delay=\"1.6s\">\n\t            \t<span class=\"content-mid\">\n\t            \t\t<div class=\"inner\">\t\t\n\t            \t\t\tv\u00fdroba\t            \t\t<\/div>\n\t            \t<\/span>\t\t        \n\t\t            <div class=\"v-border\"><\/div>\n\t            <\/li>\n\t            \n\t        \t            <li class=\" wow fadeIn \" data-wow-delay=\"2s\">\n\t            \t<span class=\"content-mid\">\n\t            \t\t<div class=\"inner\">\t\t\n\t            \t\t\tin\u0161tal\u00e1cia\t            \t\t<\/div>\n\t            \t<\/span>\t\t        \n\t\t            <div class=\"v-border\"><\/div>\n\t            <\/li>\n\t            \n\t                <\/ul>\n\n        <div class=\"de_tab_content\">\n\t        \t            <div id=\"tab-2117\" class=\"de_tab_content_inner\">\n\t                <p>Poskytujeme profesion\u00e1lne poradenstvo od \u0161pecialistov v oblasti kuchynsk\u00e9ho dizajnu, ktor\u00e9 v\u00e1m umo\u017enia dokonal\u00e9 napl\u00e1novanie v\u00e1\u0161ho kuchynsk\u00e9ho priestoru a vytvorenie vysn\u00edvanej kuchyne.<\/p>\n\t            <\/div>\n\t        \t            <div id=\"tab-2118\" class=\"de_tab_content_inner\">\n\t                <p>N\u00e1vrh kuchyne bude vyroben\u00fd asi do 2\/3 t\u00fd\u017ed\u0148ov od aran\u017em\u00e1nov. Po stretnut\u00ed a diskusii o projekte bude pripraven\u00fd odhad n\u00e1kladov.<\/p>\n\t            <\/div>\n\t        \t            <div id=\"tab-2119\" class=\"de_tab_content_inner\">\n\t                <p>Invent\u00e1r miestnosti u z\u00e1kazn\u00edka doma.<\/p>\n\t            <\/div>\n\t        \t            <div id=\"tab-2120\" class=\"de_tab_content_inner\">\n\t                <p>Po vypracovan\u00ed technickej dokument\u00e1cie pokra\u010dujeme k v\u00fdrobe v\u00e1\u0161ho n\u00e1bytku.<\/p>\n\t            <\/div>\n\t        \t            <div id=\"tab-2121\" class=\"de_tab_content_inner\">\n\t                <p>\u010coskoro si budete m\u00f4c\u0165 vychutna\u0165 svoju kr\u00e1snu, nov\u00fa KUCHYNU<\/p>\n\t            <\/div>\n\t                <\/div>\n    <\/div>\n\n[\/vc_column][\/vc_row][vc_row css=&#8221;.vc_custom_1618556058210{padding-top: 90px !important;padding-bottom: 90px !important;background-image: url(http:\/\/bossi.pl\/wp-content\/uploads\/2021\/04\/MG_0023-1-1.jpg?id=2146) !important;}&#8221; el_class=&#8221;bg-fixed&#8221;][vc_column animate=&#8221;fadeinup&#8221;]\n\t<!-- Element: OT Heading --> \t \n\t<h1 class=\"ot_custom_heading naglowki \" style=\"text-align: center;color: #eceff3;\" >STANOVISKO Z\u00c1KAZN\u00cdKOV<\/h1>\t\n\t<!-- Element: OT Line solid --> \t \n\t<div class=\" separator \"><span><i class=\"fa fa-circle\"><\/i><\/span><\/div>\n\t<div class=\"spacer-single\"><\/div>\t      \n\t<!-- Element: OT Testimonial Silder -->\t\n\t<div class=\"testimonial__carousel de_carousel wow fadeInUp\" data-wow-delay=\".3s\" data-visible=\"2\" data-autoplay=\"false\" data-autoheight=\"false\" data-speed=\"200\" data-navspeed=\"800\" data-rewinspeed=\"1000\">\n\t        <div class=\"col-md-12 item\">\n            <div class=\"de_testi\">\n                <blockquote>\n                    <p>Odpor\u00fa\u010dam!<br \/>\nSprav svoje sny skuto\u010dnos\u0165ou!<\/p>\n                    <div class=\"de_testi_by no-margin\">\n\n                    \t\n\t\t\t\t\t\t<div >\n                        \tIzabela Szczechura                        <\/div>\n\n                    <\/div>\n                <\/blockquote>\n            <\/div>\n        <\/div>\n                <div class=\"col-md-12 item\">\n            <div class=\"de_testi\">\n                <blockquote>\n                    <p>Som tesne po mont\u00e1\u017ei kuchynsk\u00e9ho n\u00e1bytku od Bossi. N\u00e1bytok vyroben\u00fd s maxim\u00e1lnou starostlivos\u0165ou, presnos\u0165ou a spo\u013eahlivos\u0165ou. Mont\u00e1\u017e v dohodnutom term\u00edne. Ve\u013emi vysok\u00e1 kvalita slu\u017eieb, dizajn, n\u00e1bytok aj kontakt s majite\u013eom a zamestnancami. Som ve\u013emi pote\u0161en\u00fd a \u00faprimne ho odpor\u00fa\u010dam \ud83d\ude42<\/p>\n                    <div class=\"de_testi_by no-margin\">\n\n                    \t\n\t\t\t\t\t\t<div >\n                        \tBeata Deszczy\u0144ska                        <\/div>\n\n                    <\/div>\n                <\/blockquote>\n            <\/div>\n        <\/div>\n                <div class=\"col-md-12 item\">\n            <div class=\"de_testi\">\n                <blockquote>\n                    <p>N\u00e1bytok vyroben\u00fd spo\u013eahlivo a profesion\u00e1lne, profesion\u00e1lny servis.<br \/>\nVe\u013ek\u00e9 nasadenie zo strany \u0161\u00e9fa. Odpor\u00fa\u010dam !!<\/p>\n                    <div class=\"de_testi_by no-margin\">\n\n                    \t\n\t\t\t\t\t\t<div >\n                        \tWojtek Tylka                        <\/div>\n\n                    <\/div>\n                <\/blockquote>\n            <\/div>\n        <\/div>\n            <\/div>\n\n[\/vc_column][\/vc_row]<\/p>\n","protected":false},"excerpt":{"rendered":"<p>[vc_row fullwidth=&#8221;yes&#8221;][vc_column][\/vc_column][\/vc_row][vc_row css=&#8221;.vc_custom_1495441353691{padding-top: 90px !important;padding-bottom: 60px !important;}&#8221;][vc_column animate=&#8221;fadeinup&#8221;][\/vc_column][vc_column width=&#8221;2\/3&#8243; animate=&#8221;fadeinleft&#8221;][vc_column_text css=&#8221;.vc_custom_1619641006859{margin-bottom: 30px !important;}&#8221;] Kuchynsk\u00fd n\u00e1bytok BOSSI je neust\u00e1le sa rozv\u00edjaj\u00faca spolo\u010dnos\u0165, ktor\u00e1 sleduje modern\u00e9 rie\u0161enia a vytv\u00e1ra KUCHYNU dokonale vyhovuj\u00facu va\u0161im potreb\u00e1m. Zaru\u010dujeme vysok\u00fa kvalitu, prec\u00edznos\u0165 spracovania a kr\u00e1sny dizajn. Pon\u00fakame \u0161irok\u00fa \u0161k\u00e1lu modern\u00fdch materi\u00e1lov, vzorov a farieb, ktor\u00e9 zaru\u010duj\u00fa jedine\u010dn\u00fd kuchynsk\u00fd n\u00e1bytok. Ka\u017ed\u00fd projekt [&hellip;]<\/p>\n","protected":false},"author":1,"featured_media":0,"parent":0,"menu_order":0,"comment_status":"open","ping_status":"closed","template":"page-templates\/template-canvas.php","meta":{"footnotes":""},"class_list":["post-1825","page","type-page","status-publish","hentry"],"_links":{"self":[{"href":"https:\/\/bossi.pl\/sk\/wp-json\/wp\/v2\/pages\/1825","targetHints":{"allow":["GET"]}}],"collection":[{"href":"https:\/\/bossi.pl\/sk\/wp-json\/wp\/v2\/pages"}],"about":[{"href":"https:\/\/bossi.pl\/sk\/wp-json\/wp\/v2\/types\/page"}],"author":[{"embeddable":true,"href":"https:\/\/bossi.pl\/sk\/wp-json\/wp\/v2\/users\/1"}],"replies":[{"embeddable":true,"href":"https:\/\/bossi.pl\/sk\/wp-json\/wp\/v2\/comments?post=1825"}],"version-history":[{"count":77,"href":"https:\/\/bossi.pl\/sk\/wp-json\/wp\/v2\/pages\/1825\/revisions"}],"predecessor-version":[{"id":2845,"href":"https:\/\/bossi.pl\/sk\/wp-json\/wp\/v2\/pages\/1825\/revisions\/2845"}],"wp:attachment":[{"href":"https:\/\/bossi.pl\/sk\/wp-json\/wp\/v2\/media?parent=1825"}],"curies":[{"name":"wp","href":"https:\/\/api.w.org\/{rel}","templated":true}]}}