{"id":2044,"date":"2021-03-23T19:35:27","date_gmt":"2021-03-23T18:35:27","guid":{"rendered":"http:\/\/bossi.pl\/?page_id=2044"},"modified":"2021-05-02T12:51:38","modified_gmt":"2021-05-02T10:51:38","slug":"kontakt","status":"publish","type":"page","link":"https:\/\/bossi.pl\/sk\/kontakt\/","title":{"rendered":"Kontakt"},"content":{"rendered":"<p>[vc_row css=&#8221;.vc_custom_1618564860310{padding-top: 20px !important;padding-bottom: 0px !important;background-color: #222222 !important;}&#8221;][vc_column width=&#8221;2\/3&#8243;][vc_row_inner][vc_column_inner width=&#8221;1\/3&#8243; css=&#8221;.vc_custom_1619952636353{padding-top: 5px !important;}&#8221;][vc_single_image image=&#8221;2677&#8243; img_size=&#8221;full&#8221; alignment=&#8221;center&#8221; onclick=&#8221;custom_link&#8221; link=&#8221;tel:+48182665833&#8243;][\/vc_column_inner][vc_column_inner width=&#8221;1\/3&#8243;][vc_single_image image=&#8221;2678&#8243; img_size=&#8221;full&#8221; alignment=&#8221;center&#8221; onclick=&#8221;custom_link&#8221; link=&#8221;https:\/\/goo.gl\/maps\/f4N3DkY3VWGGxpYA8&#8243;][\/vc_column_inner][vc_column_inner width=&#8221;1\/3&#8243; css=&#8221;.vc_custom_1619952697265{padding-top: 5px !important;}&#8221;][vc_single_image image=&#8221;2679&#8243; img_size=&#8221;full&#8221; alignment=&#8221;center&#8221; onclick=&#8221;custom_link&#8221; link=&#8221;mailto:bossi@bossi.pl&#8221;][\/vc_column_inner][\/vc_row_inner][vc_gmaps link=&#8221;#E-8_JTNDaWZyYW1lJTIwc3JjJTNEJTIyaHR0cHMlM0ElMkYlMkZ3d3cuZ29vZ2xlLmNvbSUyRm1hcHMlMkZlbWJlZCUzRnBiJTNEJTIxMW0xOCUyMTFtMTIlMjExbTMlMjExZDI1OTIuNjk1OTgwNjY4NDYxNyUyMTJkMjAuMDAyNTQyMjE1ODY5ODUlMjEzZDQ5LjQ3MTM1ODg2NTMwNDM2JTIxMm0zJTIxMWYwJTIxMmYwJTIxM2YwJTIxM20yJTIxMWkxMDI0JTIxMmk3NjglMjE0ZjEzLjElMjEzbTMlMjExbTIlMjExczB4NDcxNWU0ZmVhZWUyYzRmNyUyNTNBMHhhM2Y2YmZkNjRiM2RjODElMjEyc0YuSC5VLiUyNTIwQm9zc2klMjE1ZTAlMjEzbTIlMjExc3BsJTIxMnNwbCUyMTR2MTYxNjUyNDU5NTA2NCUyMTVtMiUyMTFzcGwlMjEyc3BsJTIyJTIwd2lkdGglM0QlMjI2MDAlMjIlMjBoZWlnaHQlM0QlMjI0NTAlMjIlMjBzdHlsZSUzRCUyMmJvcmRlciUzQTAlM0IlMjIlMjBhbGxvd2Z1bGxzY3JlZW4lM0QlMjIlMjIlMjBsb2FkaW5nJTNEJTIybGF6eSUyMiUzRSUzQyUyRmlmcmFtZSUzRQ==&#8221; size=&#8221;&#8221;][\/vc_column][vc_column width=&#8221;1\/3&#8243;]<div class=\"wpforms-container wpforms-container-full\" id=\"wpforms-2485\"><form id=\"wpforms-form-2485\" class=\"wpforms-validate wpforms-form wpforms-ajax-form\" data-formid=\"2485\" method=\"post\" enctype=\"multipart\/form-data\" action=\"\/sk\/wp-json\/wp\/v2\/pages\/2044?wpforms_form_id=2485\" data-token=\"0e7fff1b44ac02d0ebd10027f9298d48\"><noscript class=\"wpforms-error-noscript\">Please enable JavaScript in your browser to complete this form.<\/noscript><div class=\"wpforms-field-container\"><div id=\"wpforms-2485-field_8-container\" class=\"wpforms-field wpforms-field-html\" data-field-id=\"8\"><div id=\"wpforms-2485-field_8\"><h1 style=\"font-size:24px; text-transform: uppercase; font-family: 'Lato';\">KONTAKTN\u00c9 \u00daDAJE<\/h1><\/div><\/div><div id=\"wpforms-2485-field_0-container\" class=\"wpforms-field wpforms-field-name\" data-field-id=\"0\"><label class=\"wpforms-field-label wpforms-label-hide\" for=\"wpforms-2485-field_0\">Name <span class=\"wpforms-required-label\">*<\/span><\/label><input type=\"text\" id=\"wpforms-2485-field_0\" class=\"wpforms-field-large wpforms-field-required\" name=\"wpforms[fields][0]\" placeholder=\"Meno a priezvisko\" required><\/div><div id=\"wpforms-2485-field_2-container\" class=\"wpforms-field wpforms-field-email\" data-field-id=\"2\"><label class=\"wpforms-field-label wpforms-label-hide\" for=\"wpforms-2485-field_2\">Adres e-mail <span class=\"wpforms-required-label\">*<\/span><\/label><input type=\"email\" id=\"wpforms-2485-field_2\" class=\"wpforms-field-large wpforms-field-required\" name=\"wpforms[fields][2]\" placeholder=\"Emailov\u00e1 adresa\" required><\/div><div id=\"wpforms-2485-field_3-container\" class=\"wpforms-field wpforms-field-phone\" data-field-id=\"3\"><label class=\"wpforms-field-label wpforms-label-hide\" for=\"wpforms-2485-field_3\">Phone <span class=\"wpforms-required-label\">*<\/span><\/label><input type=\"tel\" id=\"wpforms-2485-field_3\" class=\"wpforms-field-large wpforms-field-required wpforms-smart-phone-field\" data-rule-smart-phone-field=\"true\" name=\"wpforms[fields][3]\" placeholder=\"Telef\u00f3n\" required><\/div><div id=\"wpforms-2485-field_5-container\" class=\"wpforms-field wpforms-field-text\" data-field-id=\"5\"><label class=\"wpforms-field-label wpforms-label-hide\" for=\"wpforms-2485-field_5\">Ulica <span class=\"wpforms-required-label\">*<\/span><\/label><input type=\"text\" id=\"wpforms-2485-field_5\" class=\"wpforms-field-large wpforms-field-required\" name=\"wpforms[fields][5]\" placeholder=\"Ulica\" required><\/div><div id=\"wpforms-2485-field_6-container\" class=\"wpforms-field wpforms-field-text\" data-field-id=\"6\"><label class=\"wpforms-field-label wpforms-label-hide\" for=\"wpforms-2485-field_6\">Miejscowo\u015b\u0107 <span class=\"wpforms-required-label\">*<\/span><\/label><input type=\"text\" id=\"wpforms-2485-field_6\" class=\"wpforms-field-large wpforms-field-required\" name=\"wpforms[fields][6]\" placeholder=\"Mesto\" required><\/div><div id=\"wpforms-2485-field_7-container\" class=\"wpforms-field wpforms-field-text\" data-field-id=\"7\"><label class=\"wpforms-field-label wpforms-label-hide\" for=\"wpforms-2485-field_7\">Kod pocztowy <span class=\"wpforms-required-label\">*<\/span><\/label><input type=\"text\" id=\"wpforms-2485-field_7\" class=\"wpforms-field-large wpforms-field-required\" name=\"wpforms[fields][7]\" placeholder=\"PS\u010c\" required><\/div><div id=\"wpforms-2485-field_9-container\" class=\"wpforms-field wpforms-field-html\" data-field-id=\"9\"><div id=\"wpforms-2485-field_9\"><h1 style=\"font-size:24px; text-transform: uppercase; font-family: 'Lato';\">INFORM\u00c1CIE O PROJEKTE<\/h1><\/div><\/div><div id=\"wpforms-2485-field_10-container\" class=\"wpforms-field wpforms-field-checkbox wpforms-list-inline\" data-field-id=\"10\"><label class=\"wpforms-field-label\" for=\"wpforms-2485-field_10\">Izba<\/label><ul id=\"wpforms-2485-field_10\"><li class=\"choice-1 depth-1\"><input type=\"checkbox\" id=\"wpforms-2485-field_10_1\" name=\"wpforms[fields][10][]\" value=\"Kuchy\u0148a\"  ><label class=\"wpforms-field-label-inline\" for=\"wpforms-2485-field_10_1\">Kuchy\u0148a<\/label><\/li><li class=\"choice-2 depth-1\"><input type=\"checkbox\" id=\"wpforms-2485-field_10_2\" name=\"wpforms[fields][10][]\" value=\"In\u00e9\"  ><label class=\"wpforms-field-label-inline\" for=\"wpforms-2485-field_10_2\">In\u00e9<\/label><\/li><\/ul><\/div><div id=\"wpforms-2485-field_11-container\" class=\"wpforms-field wpforms-field-file-upload\" data-field-id=\"11\"><label class=\"wpforms-field-label\" for=\"wpforms-2485-field_11\">Prilo\u017ete fotografie<\/label><div class=\"wpforms-uploader\"\n\tdata-field-id=\"11\"\n\tdata-form-id=\"2485\"\n\tdata-input-name=\"wpforms_2485_11\"\n\tdata-extensions=\"jpg,jpeg,png\"\n\tdata-max-size=\"10485760\"\n\tdata-max-file-number=\"5\"\n\tdata-post-max-size=\"104857600\"\n    data-max-parallel-uploads=\"4\"\n    data-parallel-uploads=\"true\"\n\tdata-file-chunk-size=\"2097152\">\n\t<div class=\"dz-message\">\n\t\t<svg viewBox=\"0 0 1024 1024\" focusable=\"false\" class=\"\" data-icon=\"inbox\" width=\"50px\" height=\"50px\" fill=\"#B1B1B1\" aria-hidden=\"true\"><path d=\"M885.2 446.3l-.2-.8-112.2-285.1c-5-16.1-19.9-27.2-36.8-27.2H281.2c-17 0-32.1 11.3-36.9 27.6L139.4 443l-.3.7-.2.8c-1.3 4.9-1.7 9.9-1 14.8-.1 1.6-.2 3.2-.2 4.8V830a60.9 60.9 0 0 0 60.8 60.8h627.2c33.5 0 60.8-27.3 60.9-60.8V464.1c0-1.3 0-2.6-.1-3.7.4-4.9 0-9.6-1.3-14.1zm-295.8-43l-.3 15.7c-.8 44.9-31.8 75.1-77.1 75.1-22.1 0-41.1-7.1-54.8-20.6S436 441.2 435.6 419l-.3-15.7H229.5L309 210h399.2l81.7 193.3H589.4zm-375 76.8h157.3c24.3 57.1 76 90.8 140.4 90.8 33.7 0 65-9.4 90.3-27.2 22.2-15.6 39.5-37.4 50.7-63.6h156.5V814H214.4V480.1z\"><\/path><\/svg>\n\t\t<span class=\"modern-title\">\n\t\t\tClick or drag files to this area to upload.\t\t<\/span>\n\n\t\t\t\t\t<span class=\"modern-hint\">\n\t\t\t\tYou can upload up to 5 files.\t\t\t<\/span>\n\t\t\t<\/div>\n<\/div>\n<input type=\"text\" class=\"dropzone-input\"\n\tstyle=\"position:absolute!important;clip:rect(0,0,0,0)!important;height:1px!important;width:1px!important;border:0!important;overflow:hidden!important;padding:0!important;margin:0!important;\"\n\tid=\"wpforms-2485-field_11\"\n\tname=\"wpforms_2485_11\" >\n<div class=\"wpforms-field-description\">M\u00f4\u017eete vybra\u0165 nieko\u013eko s\u00faborov s\u00fa\u010dasne (max. 5). Povolen\u00e9 form\u00e1ty .jpg alebo .png<\/div><\/div><div id=\"wpforms-2485-field_13-container\" class=\"wpforms-field wpforms-field-textarea\" data-field-id=\"13\"><label class=\"wpforms-field-label wpforms-label-hide\" for=\"wpforms-2485-field_13\">Dodatkowe informacje <span class=\"wpforms-required-label\">*<\/span><\/label><textarea id=\"wpforms-2485-field_13\" class=\"wpforms-field-medium wpforms-field-required\" name=\"wpforms[fields][13]\" placeholder=\"\u010eal\u0161ie inform\u00e1cie\" required><\/textarea><\/div><\/div><div class=\"wpforms-submit-container\" ><input type=\"hidden\" name=\"wpforms[id]\" value=\"2485\"><input type=\"hidden\" name=\"wpforms[author]\" value=\"1\"><button type=\"submit\" name=\"wpforms[submit]\" class=\"wpforms-submit subbmit\" id=\"wpforms-submit-2485\" value=\"wpforms-submit\" aria-live=\"assertive\" >Po\u0161li<\/button><img loading=\"lazy\" decoding=\"async\" src=\"https:\/\/bossi.pl\/wp-content\/plugins\/wpforms\/assets\/images\/submit-spin.svg\" class=\"wpforms-submit-spinner\" style=\"display: none;\" width=\"26\" height=\"26\" alt=\"\"><\/div><\/form><\/div>  <!-- .wpforms-container -->[\/vc_column][\/vc_row]<\/p>\n","protected":false},"excerpt":{"rendered":"<p>[vc_row css=&#8221;.vc_custom_1618564860310{padding-top: 20px !important;padding-bottom: 0px !important;background-color: #222222 !important;}&#8221;][vc_column width=&#8221;2\/3&#8243;][vc_row_inner][vc_column_inner width=&#8221;1\/3&#8243; css=&#8221;.vc_custom_1619952636353{padding-top: 5px !important;}&#8221;][vc_single_image image=&#8221;2677&#8243; img_size=&#8221;full&#8221; alignment=&#8221;center&#8221; onclick=&#8221;custom_link&#8221; link=&#8221;tel:+48182665833&#8243;][\/vc_column_inner][vc_column_inner width=&#8221;1\/3&#8243;][vc_single_image image=&#8221;2678&#8243; img_size=&#8221;full&#8221; alignment=&#8221;center&#8221; onclick=&#8221;custom_link&#8221; link=&#8221;https:\/\/goo.gl\/maps\/f4N3DkY3VWGGxpYA8&#8243;][\/vc_column_inner][vc_column_inner width=&#8221;1\/3&#8243; css=&#8221;.vc_custom_1619952697265{padding-top: 5px !important;}&#8221;][vc_single_image image=&#8221;2679&#8243; img_size=&#8221;full&#8221; alignment=&#8221;center&#8221; onclick=&#8221;custom_link&#8221; link=&#8221;mailto:bossi@bossi.pl&#8221;][\/vc_column_inner][\/vc_row_inner][vc_gmaps link=&#8221;#E-8_JTNDaWZyYW1lJTIwc3JjJTNEJTIyaHR0cHMlM0ElMkYlMkZ3d3cuZ29vZ2xlLmNvbSUyRm1hcHMlMkZlbWJlZCUzRnBiJTNEJTIxMW0xOCUyMTFtMTIlMjExbTMlMjExZDI1OTIuNjk1OTgwNjY4NDYxNyUyMTJkMjAuMDAyNTQyMjE1ODY5ODUlMjEzZDQ5LjQ3MTM1ODg2NTMwNDM2JTIxMm0zJTIxMWYwJTIxMmYwJTIxM2YwJTIxM20yJTIxMWkxMDI0JTIxMmk3NjglMjE0ZjEzLjElMjEzbTMlMjExbTIlMjExczB4NDcxNWU0ZmVhZWUyYzRmNyUyNTNBMHhhM2Y2YmZkNjRiM2RjODElMjEyc0YuSC5VLiUyNTIwQm9zc2klMjE1ZTAlMjEzbTIlMjExc3BsJTIxMnNwbCUyMTR2MTYxNjUyNDU5NTA2NCUyMTVtMiUyMTFzcGwlMjEyc3BsJTIyJTIwd2lkdGglM0QlMjI2MDAlMjIlMjBoZWlnaHQlM0QlMjI0NTAlMjIlMjBzdHlsZSUzRCUyMmJvcmRlciUzQTAlM0IlMjIlMjBhbGxvd2Z1bGxzY3JlZW4lM0QlMjIlMjIlMjBsb2FkaW5nJTNEJTIybGF6eSUyMiUzRSUzQyUyRmlmcmFtZSUzRQ==&#8221; size=&#8221;&#8221;][\/vc_column][vc_column width=&#8221;1\/3&#8243;][\/vc_column][\/vc_row]<\/p>\n","protected":false},"author":1,"featured_media":0,"parent":0,"menu_order":0,"comment_status":"open","ping_status":"open","template":"page-templates\/template-fullwidth.php","meta":{"footnotes":""},"class_list":["post-2044","page","type-page","status-publish","hentry"],"_links":{"self":[{"href":"https:\/\/bossi.pl\/sk\/wp-json\/wp\/v2\/pages\/2044","targetHints":{"allow":["GET"]}}],"collection":[{"href":"https:\/\/bossi.pl\/sk\/wp-json\/wp\/v2\/pages"}],"about":[{"href":"https:\/\/bossi.pl\/sk\/wp-json\/wp\/v2\/types\/page"}],"author":[{"embeddable":true,"href":"https:\/\/bossi.pl\/sk\/wp-json\/wp\/v2\/users\/1"}],"replies":[{"embeddable":true,"href":"https:\/\/bossi.pl\/sk\/wp-json\/wp\/v2\/comments?post=2044"}],"version-history":[{"count":53,"href":"https:\/\/bossi.pl\/sk\/wp-json\/wp\/v2\/pages\/2044\/revisions"}],"predecessor-version":[{"id":2680,"href":"https:\/\/bossi.pl\/sk\/wp-json\/wp\/v2\/pages\/2044\/revisions\/2680"}],"wp:attachment":[{"href":"https:\/\/bossi.pl\/sk\/wp-json\/wp\/v2\/media?parent=2044"}],"curies":[{"name":"wp","href":"https:\/\/api.w.org\/{rel}","templated":true}]}}