{"id":2949,"date":"2024-05-19T16:25:54","date_gmt":"2024-05-19T14:25:54","guid":{"rendered":"https:\/\/bossi.pl\/?page_id=2949"},"modified":"2024-05-19T16:25:54","modified_gmt":"2024-05-19T14:25:54","slug":"kuchnia-nr-22","status":"publish","type":"page","link":"https:\/\/bossi.pl\/sk\/kuchnia-nr-22\/","title":{"rendered":"Kuchy\u0148a"},"content":{"rendered":"<p>[vc_row css=&#8221;.vc_custom_1495184803529{padding-top: 0px !important;padding-bottom: 0px !important;background-color: #222222 !important;}&#8221;][vc_column width=&#8221;1\/3&#8243;][\/vc_column][vc_column width=&#8221;1\/3&#8243; css=&#8221;.vc_custom_1615234930726{margin-top: 25px !important;}&#8221;][vc_btn title=&#8221;POZRI \u010eAL\u0160IE GAL\u00c9RIE&#8221; style=&#8221;custom&#8221; custom_background=&#8221;#009036&#8243; custom_text=&#8221;#ffffff&#8221; align=&#8221;center&#8221; link=&#8221;url:http%3A%2F%2Fbossi.pl%2Fgaleria-zdjec%2F|title:Galeria%20zdj%C4%99%C4%87&#8243; el_id=&#8221;button_gallery&#8221;][\/vc_column][vc_column width=&#8221;1\/3&#8243;][\/vc_column][vc_column][vc_masonry_media_grid grid_id=&#8221;vc_gid:1716128719772-666ed541-a9fe-5&#8243; include=&#8221;2968,2967,2966,2965,2964,2963,2962,2961,2960,2959,2958,2957,2956,2955,2954,2953,2952,2951,2950&#8243;][\/vc_column][\/vc_row]<\/p>\n","protected":false},"excerpt":{"rendered":"<p>[vc_row css=&#8221;.vc_custom_1495184803529{padding-top: 0px !important;padding-bottom: 0px !important;background-color: #222222 !important;}&#8221;][vc_column width=&#8221;1\/3&#8243;][\/vc_column][vc_column width=&#8221;1\/3&#8243; css=&#8221;.vc_custom_1615234930726{margin-top: 25px !important;}&#8221;][vc_btn title=&#8221;POZRI \u010eAL\u0160IE GAL\u00c9RIE&#8221; style=&#8221;custom&#8221; custom_background=&#8221;#009036&#8243; custom_text=&#8221;#ffffff&#8221; align=&#8221;center&#8221; link=&#8221;url:http%3A%2F%2Fbossi.pl%2Fgaleria-zdjec%2F|title:Galeria%20zdj%C4%99%C4%87&#8243; el_id=&#8221;button_gallery&#8221;][\/vc_column][vc_column width=&#8221;1\/3&#8243;][\/vc_column][vc_column][vc_masonry_media_grid grid_id=&#8221;vc_gid:1716128719772-666ed541-a9fe-5&#8243; include=&#8221;2968,2967,2966,2965,2964,2963,2962,2961,2960,2959,2958,2957,2956,2955,2954,2953,2952,2951,2950&#8243;][\/vc_column][\/vc_row]<\/p>\n","protected":false},"author":1,"featured_media":0,"parent":0,"menu_order":0,"comment_status":"open","ping_status":"open","template":"page-templates\/template-fullwidth.php","meta":{"footnotes":""},"class_list":["post-2949","page","type-page","status-publish","hentry"],"_links":{"self":[{"href":"https:\/\/bossi.pl\/sk\/wp-json\/wp\/v2\/pages\/2949","targetHints":{"allow":["GET"]}}],"collection":[{"href":"https:\/\/bossi.pl\/sk\/wp-json\/wp\/v2\/pages"}],"about":[{"href":"https:\/\/bossi.pl\/sk\/wp-json\/wp\/v2\/types\/page"}],"author":[{"embeddable":true,"href":"https:\/\/bossi.pl\/sk\/wp-json\/wp\/v2\/users\/1"}],"replies":[{"embeddable":true,"href":"https:\/\/bossi.pl\/sk\/wp-json\/wp\/v2\/comments?post=2949"}],"version-history":[{"count":1,"href":"https:\/\/bossi.pl\/sk\/wp-json\/wp\/v2\/pages\/2949\/revisions"}],"predecessor-version":[{"id":2969,"href":"https:\/\/bossi.pl\/sk\/wp-json\/wp\/v2\/pages\/2949\/revisions\/2969"}],"wp:attachment":[{"href":"https:\/\/bossi.pl\/sk\/wp-json\/wp\/v2\/media?parent=2949"}],"curies":[{"name":"wp","href":"https:\/\/api.w.org\/{rel}","templated":true}]}}